{"id":9370,"date":"2022-05-26T15:16:24","date_gmt":"2022-05-26T12:16:24","guid":{"rendered":"https:\/\/www.baysalsaglik.com\/revetement-de-zirconium\/"},"modified":"2022-05-26T21:22:53","modified_gmt":"2022-05-26T18:22:53","slug":"revetement-de-zirconium","status":"publish","type":"page","link":"https:\/\/www.baysalsaglik.com\/fr\/revetement-de-zirconium\/","title":{"rendered":"Rev\u00eatement de zirconium"},"content":{"rendered":"<div class=\"wpb-content-wrapper\"><p>[vc_row][vc_column][vc_column_text woodmart_inline=&#8221;no&#8221; text_larger=&#8221;no&#8221;]Le rev\u00eatement de zirconium fait r\u00e9f\u00e9rence au rev\u00eatement de la dent avec des mat\u00e9riaux dentaires artificiels, \u00e9galement appel\u00e9s acier blanc. Le zirconium est un mat\u00e9riau c\u00e9ramique utilis\u00e9 en dentisterie esth\u00e9tique pour les proth\u00e8ses afin de produire des couronnes et des bridges aux couleurs plus claires et plus claires. Le zirconium est un mat\u00e9riau 100 % biocompatible et est largement utilis\u00e9 \u00e0 des fins m\u00e9dicales, y compris les articulations artificielles de la hanche.<\/p>\n<p>Les couronnes et bridges en dioxyde de zirconium sont tr\u00e8s durables. Ces restaurations translucides et esth\u00e9tiquement impeccables que l&#8217;on trouve aujourd&#8217;hui en dentisterie sont cinq fois plus r\u00e9sistantes que les proth\u00e8ses en porcelaine et ressemblent \u00e0 des dents naturelles.<\/p>\n<p><strong>Le zirconium est-il un mat\u00e9riau durable ?<\/strong><\/p>\n<p>Lors de tests en laboratoire, il a \u00e9t\u00e9 conclu que les couronnes en zirconium sont deux fois plus r\u00e9sistantes que les proth\u00e8ses c\u00e9ramo-m\u00e9talliques et cinq fois plus r\u00e9sistantes que les restaurations tout c\u00e9ramique utilis\u00e9es en dentisterie. Contrairement aux amalgames et aux alliages m\u00e9talliques utilis\u00e9s en dentisterie dans le pass\u00e9, le corps per\u00e7oit le zirconium comme un mat\u00e9riau naturel, vous n&#8217;avez donc pas \u00e0 vous soucier des allergies ou des r\u00e9actions secondaires.<\/p>\n<p><strong>Caract\u00e9ristiques du rev\u00eatement de zirconium<\/strong><\/p>\n<p>La transparence fait du zirconium un excellent mat\u00e9riau pour la dentisterie esth\u00e9tique. En raison de l&#8217;extr\u00eame pr\u00e9cision dimensionnelle des couronnes, elles peuvent \u00eatre r\u00e9alis\u00e9es en utilisant un mat\u00e9riau biocompatible. Cela \u00e9vite l&#8217;utilisation de proc\u00e9dures de gravure \u00e0 l&#8217;acide invasives et des dommages \u00e0 la pulpe ou au nerf de la dent.<\/p>\n<p>L&#8217;oxyde de zirconium se distingue principalement par sa haute r\u00e9sistance \u00e0 la rupture. La r\u00e9sistance aux fissures fait r\u00e9f\u00e9rence \u00e0 la r\u00e9sistance d&#8217;un mat\u00e9riau \u00e0 la propagation des fissures. Lorsque le mat\u00e9riau est impact\u00e9, des contraintes s&#8217;accumulent dans les zones d\u00e9fectueuses (pores, imperfections de surface, vides) ou dans les fissures du mat\u00e9riau.<\/p>\n<p>Une propri\u00e9t\u00e9 inhabituelle du zirconium par rapport \u00e0 d&#8217;autres mat\u00e9riaux est que la structure cristalline change lorsqu&#8217;une haute tension est introduite. Ce processus s&#8217;accompagne \u00e9galement d&#8217;une expansion de volume. Ces deux processus provoquent des fissures non expansives.<\/p>\n<p>&nbsp;<\/p>\n<p>En raison de sa r\u00e9sistance \u00e0 la traction, le zirconium se comporte \u00e9galement tr\u00e8s bien ici. Gr\u00e2ce \u00e0 sa haute r\u00e9sistance \u00e0 la traction, il est id\u00e9al pour ponter les dents post\u00e9rieures. De plus, le zirconium a une r\u00e9sistance \u00e9lev\u00e9e \u00e0 la corrosion, une r\u00e9sistance \u00e0 l&#8217;hydrolyse et une biocompatibilit\u00e9 \u00e9lev\u00e9e par rapport aux autres mat\u00e9riaux. Toutes ces qualit\u00e9s font du zirconium un mat\u00e9riau id\u00e9al pour la dentisterie restauratrice.<\/p>\n<p><strong>Comment le rev\u00eatement de zirconium est-il fabriqu\u00e9 ?<\/strong><\/p>\n<p>Le placage dentaire en zirconium est appliqu\u00e9 de la m\u00eame mani\u00e8re que les autres m\u00e9thodes de placage dentaire. Nous pouvons mentionner que la diff\u00e9rence la plus importante entre les traitements de facettes dentaires est le mat\u00e9riau utilis\u00e9. Dans ce sens, les proc\u00e9d\u00e9s de rev\u00eatement dentaire en zirconium sont les suivants.<\/p>\n<p>Des corrections mineures sont faites sur les dents avant de commencer le processus de placage dentaire. De cette fa\u00e7on, les dents sont r\u00e9duites. Cela permet aux facettes de s&#8217;adapter sur les dents de mani\u00e8re beaucoup plus confortable et compl\u00e8te. Le rev\u00eatement de zirconium, qui ne cause aucun dommage aux dents, est r\u00e9alis\u00e9 avec des mesures sp\u00e9ciales. Conform\u00e9ment \u00e0 la structure de la bouche et de la dent, les facettes sont form\u00e9es et coll\u00e9es \u00e0 la dent. Il est possible d&#8217;obtenir de bons r\u00e9sultats avec les processus de rev\u00eatement effectu\u00e9s en fonction de la structure et de la couleur de la dent. Lorsqu&#8217;il s&#8217;agit de l&#8217;\u00e9tape finale du placage dentaire, il est coll\u00e9 \u00e0 la dent avec des adh\u00e9sifs sp\u00e9ciaux pour placage. De cette fa\u00e7on, le processus de rev\u00eatement des dents est termin\u00e9.<\/p>\n<p><strong>Choses \u00e0 consid\u00e9rer avant et apr\u00e8s le placage dentaire en zirconium<\/strong><\/p>\n<p>Il y a quelques d\u00e9tails importants auxquels les individus doivent pr\u00eater attention avant et apr\u00e8s avoir une couronne en zirconium. Dans le cadre de ces pr\u00e9cisions, il est possible de b\u00e9n\u00e9ficier des avantages du rev\u00eatement en zirconium.<\/p>\n<p>Avant la proc\u00e9dure, une anesth\u00e9sie locale est appliqu\u00e9e aux patients afin de ne ressentir aucune douleur. Il n&#8217;y a pas beaucoup de d\u00e9tails \u00e0 consid\u00e9rer avant le processus de rev\u00eatement de zirconium. Cependant, s&#8217;il existe des conditions telles que des probl\u00e8mes de gencives et le traitement des caries, ces probl\u00e8mes doivent \u00eatre \u00e9limin\u00e9s avant les processus de rev\u00eatement de zirconium.<\/p>\n<p>Il est n\u00e9cessaire d&#8217;\u00e9viter la consommation d&#8217;aliments extr\u00eamement chauds ou extr\u00eamement froids le jour du processus de rev\u00eatement de zirconium. De plus, il est tr\u00e8s important de ne pas consommer d&#8217;aliments durs. Vous devez prendre rendez-vous pour un contr\u00f4le dans les d\u00e9lais recommand\u00e9s par votre dentiste.<\/p>\n<p>Le temps n\u00e9cessaire pour s&#8217;habituer aux couronnes dentaires en zirconium varie d&#8217;un individu \u00e0 l&#8217;autre. La plupart des patients s&#8217;habituent g\u00e9n\u00e9ralement au rev\u00eatement sur leurs dents dans les 5 \u00e0 10 jours.<\/p>\n<p><strong>Questions fr\u00e9quemment pos\u00e9es<\/strong><\/p>\n<p><strong>Les dents en zirconium sont-elles avantageuses en termes d&#8217;esth\u00e9tique ?<\/strong><\/p>\n<p>Oui. Gr\u00e2ce \u00e0 sa transmission lumineuse, il refl\u00e8te parfaitement l&#8217;aspect naturel des dents.<\/p>\n<p><strong>Les dents en zirconium s&#8217;harmonisent-elles avec la gencive ? <\/strong><\/p>\n<p>Oui. Les dents en question sont en parfaite harmonie avec la gencive.<\/p>\n<p><strong>Est-il possible pour les personnes allergiques au m\u00e9tal d&#8217;avoir un rev\u00eatement en zirconium ?<\/strong><\/p>\n<p>Il n&#8217;y a pas de m\u00e9tal dans le rev\u00eatement de zirconium. Pour cette raison, il est possible pour les personnes allergiques au m\u00e9tal d&#8217;avoir facilement un rev\u00eatement en zirconium.[\/vc_column_text][\/vc_column][\/vc_row]<\/p>\n<\/div>","protected":false},"excerpt":{"rendered":"<p>[vc_row][vc_column][vc_column_text woodmart_inline=&#8221;no&#8221; text_larger=&#8221;no&#8221;]Le rev\u00eatement de zirconium fait r\u00e9f\u00e9rence au rev\u00eatement de la dent avec des mat\u00e9riaux dentaires artificiels, \u00e9galement appel\u00e9s<\/p>\n","protected":false},"author":2,"featured_media":0,"parent":0,"menu_order":0,"comment_status":"closed","ping_status":"closed","template":"","meta":{"footnotes":""},"class_list":["post-9370","page","type-page","status-publish","hentry"],"_links":{"self":[{"href":"https:\/\/www.baysalsaglik.com\/fr\/wp-json\/wp\/v2\/pages\/9370","targetHints":{"allow":["GET"]}}],"collection":[{"href":"https:\/\/www.baysalsaglik.com\/fr\/wp-json\/wp\/v2\/pages"}],"about":[{"href":"https:\/\/www.baysalsaglik.com\/fr\/wp-json\/wp\/v2\/types\/page"}],"author":[{"embeddable":true,"href":"https:\/\/www.baysalsaglik.com\/fr\/wp-json\/wp\/v2\/users\/2"}],"replies":[{"embeddable":true,"href":"https:\/\/www.baysalsaglik.com\/fr\/wp-json\/wp\/v2\/comments?post=9370"}],"version-history":[{"count":0,"href":"https:\/\/www.baysalsaglik.com\/fr\/wp-json\/wp\/v2\/pages\/9370\/revisions"}],"wp:attachment":[{"href":"https:\/\/www.baysalsaglik.com\/fr\/wp-json\/wp\/v2\/media?parent=9370"}],"curies":[{"name":"wp","href":"https:\/\/api.w.org\/{rel}","templated":true}]}}