{"id":9378,"date":"2022-05-26T15:10:01","date_gmt":"2022-05-26T12:10:01","guid":{"rendered":"https:\/\/www.baysalsaglik.com\/greffe-de-barbe-et-de-moustache\/"},"modified":"2022-05-26T21:22:47","modified_gmt":"2022-05-26T18:22:47","slug":"greffe-de-barbe-et-de-moustache","status":"publish","type":"page","link":"https:\/\/www.baysalsaglik.com\/fr\/greffe-de-barbe-et-de-moustache\/","title":{"rendered":"Greffe de barbe et de moustache"},"content":{"rendered":"<div class=\"wpb-content-wrapper\"><p>[vc_row][vc_column][vc_column_text woodmart_inline=&#8221;no&#8221; text_larger=&#8221;no&#8221;]Moustache est l&#8217;une des options pr\u00e9f\u00e9r\u00e9es pour fournir une image de meilleure qualit\u00e9 sur le visage des hommes. Dans ce contexte, le plus important pour un homme qui veut se laisser pousser la moustache est de se faire accompagner par un professionnel. Dans ce contexte, vous devez \u00e9galement agir pour un processus de greffe de moustache sain.<\/p>\n<p>La moustache est consid\u00e9r\u00e9e comme un \u00e9l\u00e9ment tr\u00e8s important de la g\u00e9ographie anatolienne. Pour cette raison, il est naturel pour les hommes qui n&#8217;ont pas de moustache de vouloir une structure plus masculine en se faisant planter une moustache. Il est possible de b\u00e9n\u00e9ficier des options les plus performantes dans le cadre du processus de greffe de moustache, consid\u00e9r\u00e9 comme une pratique m\u00e9dicale.<\/p>\n<p><strong>Comment se d\u00e9roule la greffe de moustache ?<\/strong><\/p>\n<p>La chose la plus importante \u00e0 propos du processus de greffe de moustache est de s&#8217;adresser \u00e0 un centre de greffe professionnel. Sinon, il ne sera pas possible de r\u00e9aliser la moustache dont vous r\u00eavez. Alors regardons de plus pr\u00e8s comment le processus se d\u00e9roule !<\/p>\n<p>La greffe de moustache est r\u00e9alis\u00e9e avec FUE, qui est la m\u00e9thode la plus r\u00e9ussie, comme dans la greffe de cheveux. La technique FUE est pr\u00e9f\u00e9r\u00e9e non seulement parce qu&#8217;elle est de haute qualit\u00e9 mais aussi parce que c&#8217;est une technique r\u00e9ussie. Le processus commence afin d&#8217;\u00e9liminer la d\u00e9ficience capillaire caus\u00e9e par diverses raisons.<\/p>\n<p>L&#8217;op\u00e9ration, qui d\u00e9bute par une anesth\u00e9sie locale, se poursuit par le pr\u00e9l\u00e8vement des poils un \u00e0 un de la zone donneuse dans le cadre de la technique FUE. L&#8217;important dans ce processus est que les poils soient plant\u00e9s dans la bonne direction et le bon angle. Il est possible de b\u00e9n\u00e9ficier de l&#8217;option la plus id\u00e9ale, gr\u00e2ce \u00e0 cette option, qui est particuli\u00e8rement privil\u00e9gi\u00e9e afin d&#8217;\u00e9viter les traces. Une fois les moustaches plant\u00e9es au niveau souhait\u00e9, le processus de gu\u00e9rison commence. De cette fa\u00e7on, il est possible de r\u00e9aliser la visualit\u00e9 imagin\u00e9e.<\/p>\n<p><strong>Choses \u00e0 consid\u00e9rer avant la greffe de moustache<\/strong><\/p>\n<p>Il est avantageux pour les individus d&#8217;\u00eatre prudents avant le processus de greffe de moustache. Parce que la greffe de moustache provoque un processus sensible avant et apr\u00e8s la greffe de cheveux. Dans ce contexte, si vous allez vous faire planter une moustache, il est utile d&#8217;agir en consid\u00e9rant les d\u00e9tails suivants.<\/p>\n<ul>\n<li>La zone de la moustache doit \u00eatre propre avant l&#8217;op\u00e9ration,<\/li>\n<li>Les anticoagulants et les \u00e9l\u00e9ments qui compliquent l&#8217;op\u00e9ration ne doivent pas \u00eatre consomm\u00e9s,<\/li>\n<li>Les aliments tels que le caf\u00e9 et le th\u00e9 contenant de la caf\u00e9ine ne doivent pas \u00eatre consomm\u00e9s,<\/li>\n<li>\u00c9vitez les substances qui retardent la cicatrisation, comme les cigarettes et l&#8217;alcool,<\/li>\n<li>Les v\u00eatements avec des boutons ou des fermetures \u00e0 glissi\u00e8re doivent \u00eatre pr\u00e9f\u00e9r\u00e9s aux v\u00eatements qui feront frotter la moustache.<\/li>\n<\/ul>\n<p><strong>Choses \u00e0 consid\u00e9rer apr\u00e8s la greffe de moustache<\/strong><\/p>\n<p>Les choses \u00e0 consid\u00e9rer apr\u00e8s la greffe de moustache sont les d\u00e9tails qui affecteront directement le processus de gu\u00e9rison. Pour cette raison, les points suivants doivent \u00eatre pris en compte afin de faciliter la r\u00e9cup\u00e9ration.<\/p>\n<ul>\n<li>Lorsque la greffe de moustache est termin\u00e9e, il est possible pour l&#8217;individu de reprendre sa vie sociale,<\/li>\n<li>Le processus de gu\u00e9rison doit \u00eatre d\u00e9clench\u00e9 en effectuant le premier lavage dans le d\u00e9lai sp\u00e9cifi\u00e9 par le sp\u00e9cialiste de la transplantation,<\/li>\n<li>Ne doit pas toucher la zone de la moustache pendant la p\u00e9riode pr\u00e9c\u00e9dant le processus de lavage,<\/li>\n<li>Des mesures de protection doivent \u00eatre prises contre des situations telles que le frottement et l&#8217;impact,<\/li>\n<li>Pour se raser, il faut demander l&#8217;avis d&#8217;un expert et y faire attention,<\/li>\n<li>Vous pouvez soulager vos douleurs en choisissant des analg\u00e9siques recommand\u00e9s par le sp\u00e9cialiste contre la douleur,<\/li>\n<li>Il faut attendre en moyenne 10 mois pour obtenir une moustache naturelle.<\/li>\n<\/ul>\n<p><strong>Qui peut avoir une greffe de moustache ?<\/strong><\/p>\n<p>Il y a des points d&#8217;interrogation quant \u00e0 savoir qui seront les personnes qui voudront avoir une greffe de moustache. \u00c0 la suite des examens pr\u00e9liminaires, toute personne n&#8217;ayant aucun probl\u00e8me de sant\u00e9 li\u00e9 \u00e0 la greffe de moustache peut b\u00e9n\u00e9ficier d&#8217;une greffe de moustache. \u00c0 ce stade, l&#8217;amincissement des poils, la non-croissance ou la raret\u00e9 de la zone de la moustache pour diverses raisons sont consid\u00e9r\u00e9s parmi les raisons qui n\u00e9cessitent une greffe de moustache.<\/p>\n<p>Si vous \u00eates \u00e9galement confront\u00e9 \u00e0 un amincissement de votre moustache, vous devez absolument subir une greffe de moustache et obtenir un aspect naturel. Tout ce que vous avez \u00e0 faire pour obtenir un look naturel est de vous adresser \u00e0 une clinique professionnelle de greffe de moustache.<\/p>\n<p><strong>Foire aux questions sur la greffe de moustache<\/strong><\/p>\n<p>Combien de temps dure l&#8217;op\u00e9ration de greffe de moustache?<\/p>\n<p>Bien que l&#8217;op\u00e9ration de greffe de moustache varie d&#8217;une personne \u00e0 l&#8217;autre, la dur\u00e9e de l&#8217;op\u00e9ration varie entre 3 et 5 heures en moyenne.<\/p>\n<p>Quelle tranche d&#8217;\u00e2ge convient \u00e0 la greffe de cheveux?<\/p>\n<p>Bien qu&#8217;il n&#8217;y ait pas d&#8217;\u00e2ge limite pour une greffe de cheveux, la limite inf\u00e9rieure est de 24 ans. Si les cheveux ne sont pas assez denses chez les hommes de 24 ans et plus, une greffe de moustache peut \u00eatre appliqu\u00e9e.[\/vc_column_text][\/vc_column][\/vc_row]<\/p>\n<\/div>","protected":false},"excerpt":{"rendered":"<p>[vc_row][vc_column][vc_column_text woodmart_inline=&#8221;no&#8221; text_larger=&#8221;no&#8221;]Moustache est l&#8217;une des options pr\u00e9f\u00e9r\u00e9es pour fournir une image de meilleure qualit\u00e9 sur le visage des hommes.<\/p>\n","protected":false},"author":2,"featured_media":0,"parent":0,"menu_order":0,"comment_status":"closed","ping_status":"closed","template":"","meta":{"footnotes":""},"class_list":["post-9378","page","type-page","status-publish","hentry"],"_links":{"self":[{"href":"https:\/\/www.baysalsaglik.com\/fr\/wp-json\/wp\/v2\/pages\/9378","targetHints":{"allow":["GET"]}}],"collection":[{"href":"https:\/\/www.baysalsaglik.com\/fr\/wp-json\/wp\/v2\/pages"}],"about":[{"href":"https:\/\/www.baysalsaglik.com\/fr\/wp-json\/wp\/v2\/types\/page"}],"author":[{"embeddable":true,"href":"https:\/\/www.baysalsaglik.com\/fr\/wp-json\/wp\/v2\/users\/2"}],"replies":[{"embeddable":true,"href":"https:\/\/www.baysalsaglik.com\/fr\/wp-json\/wp\/v2\/comments?post=9378"}],"version-history":[{"count":0,"href":"https:\/\/www.baysalsaglik.com\/fr\/wp-json\/wp\/v2\/pages\/9378\/revisions"}],"wp:attachment":[{"href":"https:\/\/www.baysalsaglik.com\/fr\/wp-json\/wp\/v2\/media?parent=9378"}],"curies":[{"name":"wp","href":"https:\/\/api.w.org\/{rel}","templated":true}]}}