{"id":9720,"date":"2022-05-26T15:29:21","date_gmt":"2022-05-26T12:29:21","guid":{"rendered":"https:\/\/www.baysalsaglik.com\/pince-gastrique\/"},"modified":"2022-05-26T21:22:52","modified_gmt":"2022-05-26T18:22:52","slug":"pince-gastrique","status":"publish","type":"page","link":"https:\/\/www.baysalsaglik.com\/fr\/pince-gastrique\/","title":{"rendered":"Pince gastrique"},"content":{"rendered":"<div class=\"wpb-content-wrapper\"><p>[vc_row][vc_column][vc_column_text woodmart_inline=&#8221;no&#8221; text_larger=&#8221;no&#8221;]La pince \u00e0 ventre est une m\u00e9thode appliqu\u00e9e pour se d\u00e9barrasser de l&#8217;exc\u00e8s de poids qui n&#8217;est pas retir\u00e9 du corps avec un r\u00e9gime alimentaire et des sports. Il vise \u00e0 se d\u00e9barrasser d&#8217;au moins la moiti\u00e9 de l&#8217;exc\u00e8s de poids au cours de la premi\u00e8re ann\u00e9e avec l&#8217;anneau gastrique, qui est une m\u00e9thode adapt\u00e9e aux patients ob\u00e8ses. Cette m\u00e9thode convient g\u00e9n\u00e9ralement aux personnes qui p\u00e8sent environ 40 \u00e0 50 kilos de plus que leur poids id\u00e9al.<\/p>\n<p>L&#8217;op\u00e9ration de serrage gastrique, qui est appliqu\u00e9e avec la m\u00e9thode de chirurgie laparoscopique, est termin\u00e9e dans un d\u00e9lai d&#8217;une heure. La pince gastrique obtenue \u00e0 partir de mat\u00e9riaux en silicone n&#8217;endommage en aucune fa\u00e7on les organes et les tissus. La largeur de ces pinces, qui ont une longueur d&#8217;environ 10 cm, est de 1 cm. Il y a un ballon gonflable au bas des poignets. Ceci est \u00e9galement int\u00e9gr\u00e9 \u00e0 la pince. Une fois la pince appliqu\u00e9e, le ballon est gonfl\u00e9.<\/p>\n<p><strong>\u00c0 qui la pince gastrique peut-elle \u00eatre appliqu\u00e9e&nbsp;?<\/strong><\/p>\n<p>Le clamp gastrique est appliqu\u00e9 aux personnes \u00e2g\u00e9es de 18 \u00e0 65 ans et ayant un indice de masse corporelle d&#8217;au moins 40. De plus, les individus ne doivent pas avoir de probl\u00e8me qui cr\u00e9e un obstacle \u00e0 l&#8217;op\u00e9ration. On sait que les candidats les plus id\u00e9aux pour l&#8217;anneau gastrique sont les personnes qui p\u00e8sent 40 kilos de plus que leur poids id\u00e9al. De plus, cette op\u00e9ration ne peut pas \u00eatre appliqu\u00e9e aux personnes de moins de 18 ans. Il est possible d&#8217;affirmer que l&#8217;op\u00e9ration de l&#8217;estomac ne convient pas aux personnes souffrant d&#8217;insuffisance r\u00e9nale, de diverses maladies importantes et de maladies chroniques.<\/p>\n<p><strong>Comment la pince gastrique est-elle attach\u00e9e&nbsp;?<\/strong><\/p>\n<p>L&#8217;op\u00e9ration en question prend g\u00e9n\u00e9ralement environ 1 heure. Dans l&#8217;op\u00e9ration d&#8217;anneau gastrique, qui est une op\u00e9ration chirurgicale, une anesth\u00e9sie g\u00e9n\u00e9rale est appliqu\u00e9e aux patients. De petites incisions ne d\u00e9passant pas 1 cm sont pratiqu\u00e9es dans l&#8217;abdomen du patient. L&#8217;acc\u00e8s au point de connexion avec l&#8217;\u0153sophage et l&#8217;estomac est assur\u00e9 par ces incisions. La pince gastrique est plac\u00e9e dans cette partie au moyen d&#8217;outils technologiques. Il est install\u00e9 \u00e0 quelques centim\u00e8tres de la jonction de l&#8217;\u0153sophage et de l&#8217;estomac. Le ballon situ\u00e9 juste en dessous du brassard est gonfl\u00e9 et l&#8217;estomac est r\u00e9tr\u00e9ci. Une petite chambre gastrique est cr\u00e9\u00e9e avec cette proc\u00e9dure, qui est effectu\u00e9e \u00e0 l&#8217;entr\u00e9e de l&#8217;estomac. La nourriture qui arrive dans cette zone, qui a une capacit\u00e9 de 30 cc, progresse plus lentement que la normale et permet une perte de poids.<\/p>\n<p>Apr\u00e8s la chirurgie de la pince gastrique<\/p>\n<p>Bien que la chirurgie du clamp gastrique soit consid\u00e9r\u00e9e comme une op\u00e9ration facile, une extr\u00eame prudence doit \u00eatre exerc\u00e9e avant et apr\u00e8s. Le processus apr\u00e8s la mise en place de la manchette gastrique sur le patient peut \u00eatre mentionn\u00e9 comme suit.<\/p>\n<ul>\n<li>Apr\u00e8s l&#8217;op\u00e9ration, le patient devrait rester \u00e0 l&#8217;h\u00f4pital pendant 1 \u00e0 2 jours. Dans ce processus, l&#8217;\u00e9tat du patient est \u00e9valu\u00e9.<\/li>\n<li>Apr\u00e8s l&#8217;op\u00e9ration, les habitudes alimentaires doivent changer. Un soutien professionnel doit \u00eatre recherch\u00e9 \u00e0 cet \u00e9gard.<\/li>\n<li>Les boissons ne doivent pas \u00eatre prises avec les repas.<\/li>\n<li>Il doit \u00eatre nourri 3 repas par jour.<\/li>\n<li>Les aliments sains \u00e0 haute valeur nutritive sont \u00e0 privil\u00e9gier.<\/li>\n<li>Le patient doit \u00eatre suivi pendant un certain temps apr\u00e8s l&#8217;op\u00e9ration.<\/li>\n<\/ul>\n<p>Questions fr\u00e9quemment pos\u00e9es<\/p>\n<p>Est-il possible de rester \u00e0 l&#8217;h\u00f4pital apr\u00e8s une op\u00e9ration de by-pass gastrique ?<\/p>\n<p>Apr\u00e8s l&#8217;op\u00e9ration, les patients doivent g\u00e9n\u00e9ralement rester \u00e0 l&#8217;h\u00f4pital pendant 1 \u00e0 2 jours.<\/p>\n<p>Le patient peut-il soulever des objets lourds apr\u00e8s l&#8217;op\u00e9ration&nbsp;?<\/p>\n<p>Apr\u00e8s l&#8217;op\u00e9ration, le patient ne doit pas soulever de charges lourdes pendant les 6 premi\u00e8res semaines.<\/p>\n<p>Quand peut-on utiliser une voiture apr\u00e8s l&#8217;op\u00e9ration ?<\/p>\n<p>Apr\u00e8s l&#8217;op\u00e9ration, il est interdit aux patients d&#8217;utiliser une automobile pendant 2 semaines.<\/p>\n<p>Combien de temps apr\u00e8s l&#8217;op\u00e9ration pouvez-vous retourner au travail?<\/p>\n<p>Les employ\u00e9s de bureau peuvent reprendre le travail dans les 2 \u00e0 3 semaines, tandis que ceux qui travaillent dur peuvent reprendre le travail dans les 6 \u00e0 8 semaines.<\/p>\n<p>Combien de temps apr\u00e8s la chirurgie est la perte de poids?<\/p>\n<p>La perte de poids devrait se produire progressivement. La perte de poids la plus rapide au cours des 2 premiers mois. 1,5 \u00e0 2 ans doivent \u00eatre attendus pour une perte de poids maximale. On s&#8217;attend \u00e0 ce que les patients perdent 70 \u00e0 80 % de leur exc\u00e8s de poids.[\/vc_column_text][\/vc_column][\/vc_row]<\/p>\n<\/div>","protected":false},"excerpt":{"rendered":"<p>[vc_row][vc_column][vc_column_text woodmart_inline=&#8221;no&#8221; text_larger=&#8221;no&#8221;]La pince \u00e0 ventre est une m\u00e9thode appliqu\u00e9e pour se d\u00e9barrasser de l&#8217;exc\u00e8s de poids qui n&#8217;est pas<\/p>\n","protected":false},"author":2,"featured_media":0,"parent":0,"menu_order":0,"comment_status":"closed","ping_status":"closed","template":"","meta":{"footnotes":""},"class_list":["post-9720","page","type-page","status-publish","hentry"],"_links":{"self":[{"href":"https:\/\/www.baysalsaglik.com\/fr\/wp-json\/wp\/v2\/pages\/9720","targetHints":{"allow":["GET"]}}],"collection":[{"href":"https:\/\/www.baysalsaglik.com\/fr\/wp-json\/wp\/v2\/pages"}],"about":[{"href":"https:\/\/www.baysalsaglik.com\/fr\/wp-json\/wp\/v2\/types\/page"}],"author":[{"embeddable":true,"href":"https:\/\/www.baysalsaglik.com\/fr\/wp-json\/wp\/v2\/users\/2"}],"replies":[{"embeddable":true,"href":"https:\/\/www.baysalsaglik.com\/fr\/wp-json\/wp\/v2\/comments?post=9720"}],"version-history":[{"count":0,"href":"https:\/\/www.baysalsaglik.com\/fr\/wp-json\/wp\/v2\/pages\/9720\/revisions"}],"wp:attachment":[{"href":"https:\/\/www.baysalsaglik.com\/fr\/wp-json\/wp\/v2\/media?parent=9720"}],"curies":[{"name":"wp","href":"https:\/\/api.w.org\/{rel}","templated":true}]}}