{"id":9724,"date":"2022-05-26T16:37:03","date_gmt":"2022-05-26T13:37:03","guid":{"rendered":"https:\/\/www.baysalsaglik.com\/nephrologie-pediatrique\/"},"modified":"2022-05-26T21:22:51","modified_gmt":"2022-05-26T18:22:51","slug":"nephrologie-pediatrique","status":"publish","type":"page","link":"https:\/\/www.baysalsaglik.com\/fr\/nephrologie-pediatrique\/","title":{"rendered":"N\u00e9phrologie p\u00e9diatrique"},"content":{"rendered":"<div class=\"wpb-content-wrapper\"><p>[vc_row][vc_column][vc_column_text woodmart_inline=&#8221;no&#8221; text_larger=&#8221;no&#8221;]C&#8217;est la sous-sp\u00e9cialit\u00e9 qui \u00e9tudie, diagnostique et traite les maladies r\u00e9nales chez les enfants et les adolescents et leur relation avec le reste du corps.<\/p>\n<h2><strong>Quelles maladies traite un n\u00e9phrologue p\u00e9diatrique?<\/strong><\/h2>\n<p>La n\u00e9phrologie p\u00e9diatrique englobe tous les troubles qui affectent les reins et les voies urinaires, tels que l&#8217;insuffisance r\u00e9nale, l&#8217;hypertension art\u00e9rielle (HPA), les infections des voies urinaires, l&#8217;incontinence urinaire, l&#8217;h\u00e9maturie, l&#8217;insuffisance r\u00e9nale aigu\u00eb ou chronique et les maladies auto-immunes li\u00e9es \u00e0 la n\u00e9phrologie telles que le lupus \u00e9ryth\u00e9mateux diss\u00e9min\u00e9. . Le n\u00e9phrologue p\u00e9diatre est \u00e9galement charg\u00e9 d&#8217;\u00e9valuer et de traiter les probl\u00e8mes de croissance et de d\u00e9veloppement, notamment ceux associ\u00e9s \u00e0 l&#8217;insuffisance r\u00e9nale chronique.<\/p>\n<h3><strong>Quelles sous-sp\u00e9cialit\u00e9s existe-t-il en n\u00e9phrologie p\u00e9diatrique?<\/strong><\/h3>\n<p>Comme la n\u00e9phrologie, la n\u00e9phrologie p\u00e9diatrique n&#8217;a pas de sous-sp\u00e9cialit\u00e9s. Mais il travaille avec d&#8217;autres sp\u00e9cialit\u00e9s \u00e9troitement li\u00e9es \u00e0 la n\u00e9phrologie. Les unit\u00e9s m\u00e9dicales telles que l&#8217;imagerie, la m\u00e9decine nucl\u00e9aire, la radiologie, l&#8217;\u00e9chographie, la psychologie, la psychiatrie, la bact\u00e9riologie, l&#8217;endocrinologie p\u00e9diatrique, les soins intensifs n\u00e9onatals, les soins intensifs p\u00e9diatriques, l&#8217;urologie en dialyse p\u00e9diatrique, le laboratoire clinique et les tests d&#8217;\u00e9quilibre p\u00e9riton\u00e9al sont extr\u00eamement importants pour la n\u00e9phrologie.<\/p>\n<h3><strong>Quand consulter un n\u00e9phrologue p\u00e9diatrique ?<\/strong><\/h3>\n<p>C&#8217;est une bonne id\u00e9e de consulter un n\u00e9phrologue p\u00e9diatrique lorsque votre enfant souffre d&#8217;une maladie des reins ou des voies urinaires, de probl\u00e8mes de vessie, d&#8217;hypertension art\u00e9rielle, de probl\u00e8mes d&#8217;incontinence, de probl\u00e8mes de croissance et de d\u00e9veloppement ou de changements dans la miction.<\/p>\n<p>La n\u00e9phrologie p\u00e9diatrique est l&#8217;une des sous-sp\u00e9cialit\u00e9s de la p\u00e9diatrie. Nous nous sp\u00e9cialisons dans les maladies cong\u00e9nitales et acquises affectant les reins et\/ou les voies urinaires o\u00f9 il y a des changements anatomiques et fonctionnels. De la consultation ambulatoire aux services d&#8217;hospitalisation, en passant par la th\u00e9rapie de remplacement r\u00e9nal et m\u00eame la possibilit\u00e9 de transplantation, vous pouvez obtenir un soutien professionnel en choisissant des cliniques capables d&#8217;effectuer la prise en charge m\u00e9dicale et chirurgicale de la maladie \u00e0 tous les niveaux de complexit\u00e9.<\/p>\n<p>Les patients pr\u00e9sentant les pathologies suivantes doivent \u00eatre consult\u00e9s&nbsp;:<\/p>\n<ul>\n<li>Patients pr\u00e9sentant des modifications anatomiques et fonctionnelles des voies urinaires (reins, uret\u00e8res, vessie).<\/li>\n<li>infections des voies urinaires<\/li>\n<li>Modifications des caract\u00e9ristiques de l&#8217;urine (par exemple, urine sanglante, mousseuse).<\/li>\n<li>Hypertension art\u00e9rielle.<\/li>\n<li>Maladies syst\u00e9miques qui perturbent le fonctionnement des voies urinaires.<\/li>\n<li>Insuffisance r\u00e9nale.<\/li>\n<li>Ant\u00e9c\u00e9dents familiaux de fonction r\u00e9nale, maladies cong\u00e9nitales ou h\u00e9r\u00e9ditaires.<\/li>\n<li>Glom\u00e9rulopathies (syndrome n\u00e9phrotique et n\u00e9phritique).<\/li>\n<li>Diagnostic d&#8217;un seul rein.<\/li>\n<li>Traumatisme qui compromet les voies urinaires.<\/li>\n<li>Pierres (urolithiase).<\/li>\n<li>Tubulopathies (acidose tubulaire r\u00e9nale).<\/li>\n<li>maladies m\u00e9taboliques.<\/li>\n<li>Insuffisance r\u00e9nale chronique et insuffisance r\u00e9nale terminale.<\/li>\n<li>Complication de la th\u00e9rapie de remplacement r\u00e9nal.<\/li>\n<\/ul>\n<p>[\/vc_column_text][\/vc_column][\/vc_row]<\/p>\n<\/div>","protected":false},"excerpt":{"rendered":"<p>[vc_row][vc_column][vc_column_text woodmart_inline=&#8221;no&#8221; text_larger=&#8221;no&#8221;]C&#8217;est la sous-sp\u00e9cialit\u00e9 qui \u00e9tudie, diagnostique et traite les maladies r\u00e9nales chez les enfants et les adolescents et<\/p>\n","protected":false},"author":2,"featured_media":0,"parent":0,"menu_order":0,"comment_status":"closed","ping_status":"closed","template":"","meta":{"footnotes":""},"class_list":["post-9724","page","type-page","status-publish","hentry"],"_links":{"self":[{"href":"https:\/\/www.baysalsaglik.com\/fr\/wp-json\/wp\/v2\/pages\/9724","targetHints":{"allow":["GET"]}}],"collection":[{"href":"https:\/\/www.baysalsaglik.com\/fr\/wp-json\/wp\/v2\/pages"}],"about":[{"href":"https:\/\/www.baysalsaglik.com\/fr\/wp-json\/wp\/v2\/types\/page"}],"author":[{"embeddable":true,"href":"https:\/\/www.baysalsaglik.com\/fr\/wp-json\/wp\/v2\/users\/2"}],"replies":[{"embeddable":true,"href":"https:\/\/www.baysalsaglik.com\/fr\/wp-json\/wp\/v2\/comments?post=9724"}],"version-history":[{"count":0,"href":"https:\/\/www.baysalsaglik.com\/fr\/wp-json\/wp\/v2\/pages\/9724\/revisions"}],"wp:attachment":[{"href":"https:\/\/www.baysalsaglik.com\/fr\/wp-json\/wp\/v2\/media?parent=9724"}],"curies":[{"name":"wp","href":"https:\/\/api.w.org\/{rel}","templated":true}]}}