{"id":9726,"date":"2022-05-26T16:28:02","date_gmt":"2022-05-26T13:28:02","guid":{"rendered":"https:\/\/www.baysalsaglik.com\/chirurgie-de-lobesite\/"},"modified":"2022-05-26T21:22:46","modified_gmt":"2022-05-26T18:22:46","slug":"chirurgie-de-lobesite","status":"publish","type":"page","link":"https:\/\/www.baysalsaglik.com\/fr\/chirurgie-de-lobesite\/","title":{"rendered":"Chirurgie de l&#8217;ob\u00e9sit\u00e9"},"content":{"rendered":"<div class=\"wpb-content-wrapper\"><p>[vc_row][vc_column][vc_column_text woodmart_inline=&#8221;no&#8221; text_larger=&#8221;no&#8221;]L&#8217;ob\u00e9sit\u00e9 est l&#8217;un des probl\u00e8mes les plus courants rencontr\u00e9s par les gens aujourd&#8217;hui. La nutrition est l&#8217;un des besoins les plus fondamentaux auxquels les gens commencent \u00e0 r\u00e9pondre lorsqu&#8217;ils sont dans l&#8217;ut\u00e9rus. Pour que les gens grandissent, se d\u00e9veloppent, soient productifs et soient en bonne sant\u00e9, ils doivent \u00eatre nourris avec les nutriments les plus sains et les plus n\u00e9cessaires.<\/p>\n<p>Il est possible d&#8217;affirmer que les personnes qui mangent de mani\u00e8re ad\u00e9quate et \u00e9quilibr\u00e9e att\u00e9nuent le moins possible leurs probl\u00e8mes de sant\u00e9. Cependant, les personnes ayant une mauvaise alimentation rencontrent fr\u00e9quemment divers probl\u00e8mes de sant\u00e9, notamment l&#8217;ob\u00e9sit\u00e9. L&#8217;ob\u00e9sit\u00e9 est le nom donn\u00e9 \u00e0 la situation o\u00f9 une personne prend trop de poids si le corps br\u00fble et consomme plus de calories qu&#8217;il n&#8217;en a besoin. L&#8217;ob\u00e9sit\u00e9 affecte \u00e0 la fois physiquement et mentalement.<\/p>\n<h2><strong>Comment traite-t-on l&#8217;ob\u00e9sit\u00e9 ?<\/strong><\/h2>\n<p>Aujourd&#8217;hui, il existe diverses m\u00e9thodes de traitement chirurgical utilis\u00e9es dans le traitement de l&#8217;ob\u00e9sit\u00e9. Nous pouvons les \u00e9num\u00e9rer comme suit.<\/p>\n<h2><strong>Chirurgie de l&#8217;estomac du tube<\/strong><\/h2>\n<p>La chirurgie de la manche gastrique est la chirurgie de l&#8217;ob\u00e9sit\u00e9 la plus fr\u00e9quemment pr\u00e9f\u00e9r\u00e9e par les gens aujourd&#8217;hui. La chirurgie de la manche gastrique, \u00e9galement appel\u00e9e chirurgie de r\u00e9duction de l&#8217;estomac, a beaucoup moins d&#8217;effets secondaires que les autres m\u00e9thodes de chirurgie de l&#8217;ob\u00e9sit\u00e9. La chirurgie de la manche gastrique est r\u00e9alis\u00e9e par laparoscopie.<\/p>\n<p>La majeure partie de l&#8217;estomac est enlev\u00e9e chirurgicalement. 15% du volume de l&#8217;estomac est enlev\u00e9 par la chirurgie de sleeve gastrectomie. Dans la chirurgie de sleeve gastrectomie, 5 plaies sont cr\u00e9\u00e9es dans l&#8217;abdomen par laparoscopie. Alors que l&#8217;une de ces plaies mesure 1,5 cm, les autres mesurent entre 0,5 et 1 cm. Apr\u00e8s la chirurgie de la manche gastrique, une solution d\u00e9finitive au probl\u00e8me de l&#8217;ob\u00e9sit\u00e9 est trouv\u00e9e. De plus, il n&#8217;y a pas de cicatrice apr\u00e8s la sleeve gastrectomie.<\/p>\n<h2><strong>Pontage gastrique<\/strong><\/h2>\n<p>Dans la chirurgie de pontage gastrique, une grande partie de l&#8217;estomac est rendue dysfonctionnelle. Il est reli\u00e9 \u00e0 l&#8217;\u0153sophage par le dessus de l&#8217;estomac et finement par le bas de l&#8217;estomac. Dans la m\u00e9thode de traitement Gastric Bypass, 25 \u00e0 30 ml de l&#8217;estomac sont reli\u00e9s \u00e0 l&#8217;intestin gr\u00eale \u00e0 partir de l&#8217;\u0153sophage. En d&#8217;autres termes, on peut dire que le volume de l&#8217;estomac a diminu\u00e9 de 25 \u00e0 30 ml. Dans la chirurgie de d\u00e9rivation de la gastrite, l&#8217;absorption des nutriments de l&#8217;intestin gr\u00eale est emp\u00each\u00e9e.<\/p>\n<p>Cela provoque des carences en vitamines et en \u00e9l\u00e9ments. \u00c0 cet \u00e9gard, il ne faut pas oublier que la m\u00e9thode de traitement Gastrite Bypass pr\u00e9sente \u00e0 la fois des avantages et des inconv\u00e9nients.<\/p>\n<h2><strong>Application de ballon gastrique<\/strong><\/h2>\n<p>L&#8217;application du ballon gastrique est l&#8217;une des m\u00e9thodes de traitement chirurgical. En plus du ballon gastrique appliqu\u00e9 avec endoscopie, il existe des types de ballons gastriques sans endoscopie. Dans l&#8217;application du ballon gastrique sans endoscopie, la capsule et le ballon sont aval\u00e9s et gonfl\u00e9s dans l&#8217;estomac.<\/p>\n<p>L&#8217;application du ballon gastrique est appliqu\u00e9e dans les cas o\u00f9 la chirurgie bariatrique ne peut pas \u00eatre appliqu\u00e9e au patient. Dans l&#8217;application de ballon gastrique appliqu\u00e9e par endoscopie, un ballon est laiss\u00e9 dans l&#8217;estomac \u00e0 l&#8217;aide de l&#8217;endoscopie et le ballon est gonfl\u00e9 dans l&#8217;estomac. Du fait du volume du ballon de 400 \u00e0 700 ml dans l&#8217;estomac, une sensation de sati\u00e9t\u00e9 se produit dans l&#8217;estomac des personnes.<\/p>\n<h2><strong>Botox de l&#8217;estomac<\/strong><\/h2>\n<p>Le botox de l&#8217;estomac n&#8217;est pas exactement une op\u00e9ration chirurgicale. Tout comme dans la m\u00e9thode du ballon gastrique, l&#8217;endoscope est utilis\u00e9 dans le botox de l&#8217;estomac. Avec la toxine botulique, la contraction des muscles de l&#8217;estomac est limit\u00e9e. Cela retarde le processus de vidange de l&#8217;estomac. De plus, une perte d&#8217;app\u00e9tit se produit avec le botox gastrique. Cela entra\u00eene \u00e9galement une perte de poids.<\/p>\n<p>Le botox gastrique est une m\u00e9thode qui doit \u00eatre appliqu\u00e9e en compl\u00e9ment de l&#8217;alimentation et du sport. Dans cette direction, le plus de succ\u00e8s est obtenu \u00e0 partir de la m\u00e9thode de traitement. Il convient aux personnes ayant un indice de masse corporelle inf\u00e9rieur \u00e0 40.<\/p>\n<h3><strong>Consid\u00e9rations dans le traitement de l&#8217;ob\u00e9sit\u00e9 et apr\u00e8s<\/strong><\/h3>\n<p>Selon la m\u00e9thode utilis\u00e9e dans le traitement de l&#8217;ob\u00e9sit\u00e9, les points \u00e0 consid\u00e9rer par la suite varient. Nous pouvons g\u00e9n\u00e9raliser les choses \u00e0 consid\u00e9rer dans le traitement de l&#8217;ob\u00e9sit\u00e9 et apr\u00e8s comme suit.<\/p>\n<ul>\n<li>Si des m\u00e9thodes di\u00e9t\u00e9tiques et sportives sont appliqu\u00e9es pour le traitement de l&#8217;ob\u00e9sit\u00e9, il est n\u00e9cessaire de ne pas revenir \u00e0 l&#8217;ancienne m\u00e9thode de nutrition apr\u00e8s le traitement. De plus, il est n\u00e9cessaire de faire un r\u00e9gime et de faire de l&#8217;exercice jusqu&#8217;\u00e0 ce que le poids cibl\u00e9 soit stable. Sinon, il n&#8217;est pas possible de r\u00e9ussir dans le traitement de l&#8217;ob\u00e9sit\u00e9 avec un r\u00e9gime alimentaire et une m\u00e9thode sportive.<\/li>\n<li>Le point le plus important \u00e0 consid\u00e9rer dans la m\u00e9thode de traitement de la toxicomanie est l&#8217;utilisation r\u00e9guli\u00e8re de m\u00e9dicaments. De plus, dans le traitement de l&#8217;ob\u00e9sit\u00e9 avec des m\u00e9dicaments, il est absolument n\u00e9cessaire de faire attention \u00e0 l&#8217;examen du m\u00e9decin.<\/li>\n<li>Il y a diff\u00e9rents points \u00e0 consid\u00e9rer dans la chirurgie de sleeve gastrectomie. Le plus important d&#8217;entre eux est la nutrition. Apr\u00e8s la sleeve gastrectomie, votre m\u00e9decin vous donnera des informations sur votre alimentation. Apr\u00e8s l&#8217;op\u00e9ration, il est n\u00e9cessaire d&#8217;\u00eatre aliment\u00e9 en liquide pendant un certain temps. Votre m\u00e9decin d\u00e9terminera le meilleur de cela. Ensuite, il est nourri avec de la pur\u00e9e pendant un certain temps. Une fois la p\u00e9riode de pur\u00e9e termin\u00e9e, vous pouvez passer \u00e0 la consommation d&#8217;aliments normaux.<\/li>\n<li>Afin d&#8217;obtenir de bons r\u00e9sultats apr\u00e8s les applications de botox gastrique et de ballon gastrique, une alimentation \u00e9quilibr\u00e9e et des pratiques sportives r\u00e9guli\u00e8res doivent \u00eatre effectu\u00e9es. La dur\u00e9e des deux applications est de 6 mois.<\/li>\n<\/ul>\n<p>[\/vc_column_text][\/vc_column][\/vc_row]<\/p>\n<\/div>","protected":false},"excerpt":{"rendered":"<p>[vc_row][vc_column][vc_column_text woodmart_inline=&#8221;no&#8221; text_larger=&#8221;no&#8221;]L&#8217;ob\u00e9sit\u00e9 est l&#8217;un des probl\u00e8mes les plus courants rencontr\u00e9s par les gens aujourd&#8217;hui. La nutrition est l&#8217;un des<\/p>\n","protected":false},"author":2,"featured_media":0,"parent":0,"menu_order":0,"comment_status":"closed","ping_status":"closed","template":"","meta":{"footnotes":""},"class_list":["post-9726","page","type-page","status-publish","hentry"],"_links":{"self":[{"href":"https:\/\/www.baysalsaglik.com\/fr\/wp-json\/wp\/v2\/pages\/9726","targetHints":{"allow":["GET"]}}],"collection":[{"href":"https:\/\/www.baysalsaglik.com\/fr\/wp-json\/wp\/v2\/pages"}],"about":[{"href":"https:\/\/www.baysalsaglik.com\/fr\/wp-json\/wp\/v2\/types\/page"}],"author":[{"embeddable":true,"href":"https:\/\/www.baysalsaglik.com\/fr\/wp-json\/wp\/v2\/users\/2"}],"replies":[{"embeddable":true,"href":"https:\/\/www.baysalsaglik.com\/fr\/wp-json\/wp\/v2\/comments?post=9726"}],"version-history":[{"count":0,"href":"https:\/\/www.baysalsaglik.com\/fr\/wp-json\/wp\/v2\/pages\/9726\/revisions"}],"wp:attachment":[{"href":"https:\/\/www.baysalsaglik.com\/fr\/wp-json\/wp\/v2\/media?parent=9726"}],"curies":[{"name":"wp","href":"https:\/\/api.w.org\/{rel}","templated":true}]}}