{"id":9741,"date":"2022-05-26T16:39:04","date_gmt":"2022-05-26T13:39:04","guid":{"rendered":"https:\/\/www.baysalsaglik.com\/urologie\/"},"modified":"2022-05-26T21:22:54","modified_gmt":"2022-05-26T18:22:54","slug":"urologie","status":"publish","type":"page","link":"https:\/\/www.baysalsaglik.com\/fr\/urologie\/","title":{"rendered":"Urologie"},"content":{"rendered":"<div class=\"wpb-content-wrapper\"><p>[vc_row][vc_column][vc_column_text woodmart_inline=&#8221;no&#8221; text_larger=&#8221;no&#8221;]L&#8217;urologie est la sp\u00e9cialit\u00e9 m\u00e9dicale responsable du bon fonctionnement de l&#8217;appareil urinaire masculin et f\u00e9minin. Cependant, il est \u00e9galement consacr\u00e9 \u00e0 l&#8217;\u00e9tude, au diagnostic et au traitement des affections de l&#8217;appareil sexuel masculin. Cette sp\u00e9cialit\u00e9 comprend \u00e0 la fois le diagnostic de ces pathologies et leur traitement clinique et chirurgical.<\/p>\n<p>De cette mani\u00e8re, l&#8217;urologue, qui est urologue, n&#8217;est pas seulement responsable du diagnostic et du traitement des pathologies des voies urinaires et de l&#8217;appareil reproducteur masculin. En fait, il est \u00e9galement responsable de la pr\u00e9vention de bon nombre de ces maladies, dont certaines ont une pr\u00e9valence \u00e9lev\u00e9e dans la population.<\/p>\n<h2><strong>Que fait un urologue ?<\/strong><\/h2>\n<p>En tant que sp\u00e9cialiste en charge des pathologies urologiques, l&#8217;urologue \u00e9tudie diff\u00e9rentes pathologies li\u00e9es au bon fonctionnement des diff\u00e9rents organes. Ceux-ci sont g\u00e9n\u00e9ralement les suivants :<\/p>\n<ul>\n<li>Vessie<\/li>\n<li>Un rein<\/li>\n<li>glande surr\u00e9nale<\/li>\n<li>Ur\u00e8tre<\/li>\n<li>Uret\u00e8re<\/li>\n<li>plancher pelvien<\/li>\n<li>Prostate<\/li>\n<li>P\u00e9nis<\/li>\n<li>Testicules<\/li>\n<li>voie s\u00e9minale<\/li>\n<li>\u00e9pididyme<\/li>\n<li>Scrotum<\/li>\n<\/ul>\n<p>Une consultation chez un urologue est une consultation pour l&#8217;examen, le diagnostic, la pr\u00e9vention et le traitement de toutes ces pathologies affectant les organes cit\u00e9s ci-dessus. Cela signifie qu&#8217;au sein de l&#8217;urologie, il existe certaines sous-sp\u00e9cialit\u00e9s telles que&nbsp;:<\/p>\n<p>&nbsp;<\/p>\n<p><strong>Urologie p\u00e9diatrique :<\/strong> C&#8217;est le d\u00e9partement d&#8217;urologie responsable du diagnostic et du traitement des affections urologiques de l&#8217;enfant de sexe masculin telles que la fausse descente des testicules ou le reflux v\u00e9sico-ur\u00e9tral.<\/p>\n<p><strong>Urologie f\u00e9minine :<\/strong> Elle est responsable de toutes les pathologies li\u00e9es \u00e0 l&#8217;appareil urinaire f\u00e9minin, dans lesquelles l&#8217;incontinence urinaire et la cystite sont pr\u00e9dominantes.<\/p>\n<p><strong>Oncologie urologique :<\/strong> Cette sous-sp\u00e9cialit\u00e9 est responsable du diagnostic et du traitement des pathologies oncologiques affectant le syst\u00e8me urinaire et le syst\u00e8me reproducteur masculin. Bien qu&#8217;il puisse affecter de nombreux organes, le cancer de la prostate est le plus fr\u00e9quent dans cette r\u00e9gion.<\/p>\n<p><strong>Andrologie :<\/strong> C&#8217;est le service d&#8217;urologie qui est charg\u00e9 d&#8217;examiner, de traiter et de diagnostiquer tous ces troubles de la vie sexuelle masculine. Par cons\u00e9quent, cette sous-sp\u00e9cialit\u00e9 concerne avant tout les troubles de l&#8217;\u00e9rection, les troubles de l&#8217;\u00e9jaculation, etc.<\/p>\n<p><strong>Urolithiase:<\/strong> Cette partie de l&#8217;urologie est une maladie des calculs urinaires, c&#8217;est-\u00e0-dire dans la vessie, les reins, etc. examine et traite les probl\u00e8mes li\u00e9s \u00e0 la formation de calculs urinaires.<\/p>\n<p><strong>Endourologie :<\/strong> C&#8217;est la sous-sp\u00e9cialit\u00e9 urologique qui effectue le traitement chirurgical de diverses maladies du syst\u00e8me urinaire, par exemple, l&#8217;hyperplasie b\u00e9nigne de la prostate.<\/p>\n<h3>Maladies trait\u00e9es par l&#8217;urologie<\/h3>\n<p>Comme nous l&#8217;avons mentionn\u00e9 dans les sous-branches urologiques, les maladies que l&#8217;urologie traite sont tr\u00e8s diverses, mais elles peuvent \u00eatre r\u00e9sum\u00e9es comme suit :<\/p>\n<ul>\n<li>infections des voies urinaires<\/li>\n<li>incontinence<\/li>\n<li>lithiase urinaire<\/li>\n<li>py\u00e9lon\u00e9phrite<\/li>\n<li>balanite<\/li>\n<li>h\u00e9maturie<\/li>\n<li>Hyperplasie b\u00e9nigne de la prostate<\/li>\n<li>Prostatite<\/li>\n<li>ur\u00e9trite<\/li>\n<li>nycturie<\/li>\n<li>La maladie de Peyronie<\/li>\n<li>Maladies sexuellement transmissibles<\/li>\n<li>Cancer de la prostate, p\u00e9nis, testicule, ur\u00e8tre, vessie, etc. Les cancers urologiques tels que<\/li>\n<li>Dysfonctions sexuelles masculines<\/li>\n<li>troubles de l&#8217;\u00e9jaculation<\/li>\n<li>Dysfonction \u00e9rectile ou impuissance<\/li>\n<\/ul>\n<p>[\/vc_column_text][\/vc_column][\/vc_row]<\/p>\n<\/div>","protected":false},"excerpt":{"rendered":"<p>[vc_row][vc_column][vc_column_text woodmart_inline=&#8221;no&#8221; text_larger=&#8221;no&#8221;]L&#8217;urologie est la sp\u00e9cialit\u00e9 m\u00e9dicale responsable du bon fonctionnement de l&#8217;appareil urinaire masculin et f\u00e9minin. Cependant, il est<\/p>\n","protected":false},"author":2,"featured_media":0,"parent":0,"menu_order":0,"comment_status":"closed","ping_status":"closed","template":"","meta":{"footnotes":""},"class_list":["post-9741","page","type-page","status-publish","hentry"],"_links":{"self":[{"href":"https:\/\/www.baysalsaglik.com\/fr\/wp-json\/wp\/v2\/pages\/9741","targetHints":{"allow":["GET"]}}],"collection":[{"href":"https:\/\/www.baysalsaglik.com\/fr\/wp-json\/wp\/v2\/pages"}],"about":[{"href":"https:\/\/www.baysalsaglik.com\/fr\/wp-json\/wp\/v2\/types\/page"}],"author":[{"embeddable":true,"href":"https:\/\/www.baysalsaglik.com\/fr\/wp-json\/wp\/v2\/users\/2"}],"replies":[{"embeddable":true,"href":"https:\/\/www.baysalsaglik.com\/fr\/wp-json\/wp\/v2\/comments?post=9741"}],"version-history":[{"count":0,"href":"https:\/\/www.baysalsaglik.com\/fr\/wp-json\/wp\/v2\/pages\/9741\/revisions"}],"wp:attachment":[{"href":"https:\/\/www.baysalsaglik.com\/fr\/wp-json\/wp\/v2\/media?parent=9741"}],"curies":[{"name":"wp","href":"https:\/\/api.w.org\/{rel}","templated":true}]}}