{"id":9748,"date":"2022-05-26T16:41:02","date_gmt":"2022-05-26T13:41:02","guid":{"rendered":"https:\/\/www.baysalsaglik.com\/chirurgie-cardiaque\/"},"modified":"2022-05-26T21:22:45","modified_gmt":"2022-05-26T18:22:45","slug":"chirurgie-cardiaque","status":"publish","type":"page","link":"https:\/\/www.baysalsaglik.com\/fr\/chirurgie-cardiaque\/","title":{"rendered":"Chirurgie cardiaque"},"content":{"rendered":"<div class=\"wpb-content-wrapper\"><p>[vc_row][vc_column][vc_column_text woodmart_inline=&#8221;no&#8221; text_larger=&#8221;no&#8221;]La cardiologie est une branche de la m\u00e9decine qui identifie et traite les maladies cardiovasculaires. Les maladies cardiaques, l&#8217;un des principaux probl\u00e8mes de sant\u00e9 dans le monde et dans notre pays, n&#8217;ont pas d&#8217;\u00e2ge ni de sexe. Alors que les maladies cardiaques peuvent parfois survenir dans la petite enfance, elles peuvent \u00e9galement \u00eatre observ\u00e9es \u00e0 un \u00e2ge avanc\u00e9. Par cons\u00e9quent, c&#8217;est une maladie avec une tranche d&#8217;\u00e2ge tr\u00e8s large. \u00c9tant donn\u00e9 que les maladies cardiaques sont d&#8217;une importance vitale, elles doivent \u00eatre suivies s\u00e9rieusement.<\/p>\n<p>Notre clinique de cardiologie \u00e0 Ankara est consciente de l&#8217;importance de la sant\u00e9 cardiaque, c&#8217;est pourquoi nos coll\u00e8gues experts travaillent constamment pour traiter votre c\u0153ur avec les m\u00e9thodes de traitement les plus rapides et les plus pr\u00e9cises.<\/p>\n<h2><strong>Qu&#8217;est-ce que la cardiologie regarde?<\/strong><\/h2>\n<p>La caract\u00e9ristique la plus connue du c\u0153ur est de pomper le sang dans tout le corps. Disons que notre c\u0153ur a du mal \u00e0 pomper le sang pour une raison quelconque, la maladie caus\u00e9e par ce probl\u00e8me est une insuffisance cardiaque. Outre l&#8217;insuffisance cardiaque, le domaine de la m\u00e9decine cardiologique traite \u00e9galement des maladies telles que l&#8217;hypertension, les cardiopathies isch\u00e9miques, l&#8217;insuffisance aortique et l&#8217;insuffisance de la valve mitrale. Les sympt\u00f4mes de ces maladies sont les suivants&nbsp;: palpitations, perte de poids involontaire (uniquement observ\u00e9e chez certains patients cardiaques), vomissements sanguins, d\u00e9tresse respiratoire et miction nocturne dans les maladies li\u00e9es aux valves cardiaques, le sympt\u00f4me le plus courant \u00e9tant l&#8217;\u00e9vanouissement. L&#8217;un des sympt\u00f4mes les plus importants des maladies cardiaques est la dyspn\u00e9e paroxystique, c&#8217;est-\u00e0-dire la difficult\u00e9 \u00e0 respirer, qui est si grave que le patient se r\u00e9veille la nuit. Si vous avez ces sympt\u00f4mes et d&#8217;autres similaires, contactez notre clinique de sant\u00e9 sans perdre de temps.<\/p>\n<p>Les chirurgiens cardiovasculaires op\u00e8rent sur le c\u0153ur et les vaisseaux sanguins pour r\u00e9parer les dommages caus\u00e9s par des maladies ou des troubles du syst\u00e8me cardiovasculaire.<\/p>\n<h3><strong>Chirurgie cardiovasculaire<\/strong><\/h3>\n<p>Les chirurgiens cardiovasculaires op\u00e8rent sur le c\u0153ur et les vaisseaux sanguins pour r\u00e9parer les dommages caus\u00e9s par des maladies ou des troubles du syst\u00e8me cardiovasculaire. Souvent, le diagnostic de maladie cardiovasculaire commence lorsque le m\u00e9decin de premier recours oriente le patient vers un cardiologue. Si le cardiologue d\u00e9cide qu&#8217;une intervention chirurgicale est n\u00e9cessaire, il dirigera le patient vers un chirurgien cardiovasculaire, le nouveau membre de l&#8217;\u00e9quipe de cardiologie. M\u00eame apr\u00e8s une intervention cardiaque, le patient reste sous la surveillance d&#8217;un cardiologue.<\/p>\n<p>&nbsp;<\/p>\n<p>Les chirurgiens cardiovasculaires effectuent de nombreuses op\u00e9rations diff\u00e9rentes, notamment la r\u00e9paration et le remplacement des valves, la r\u00e9paration des malformations cardiaques, le pontage coronarien, la r\u00e9paration des an\u00e9vrismes, la revascularisation transmyocardique au laser et la transplantation cardiaque. Ils effectuent \u00e9galement des op\u00e9rations sur les vaisseaux sanguins, y compris l&#8217;aorte, qui est la principale source d&#8217;approvisionnement en sang du corps. Aujourd&#8217;hui, la chirurgie cardiaque peut \u00e9galement impliquer l&#8217;utilisation ou l&#8217;implantation de dispositifs d&#8217;assistance ventriculaire (VAD), des dispositifs m\u00e9caniques qui aident un c\u0153ur d\u00e9faillant en l&#8217;aidant \u00e0 pomper le sang dans tout le corps.<\/p>\n<h2><strong>Services de sant\u00e9 professionnels<\/strong><\/h2>\n<p>Tout en b\u00e9n\u00e9ficiant des services qui vous sont offerts dans le domaine de la cardiologie, vous rencontrerez les prix les plus abordables ainsi qu&#8217;un service de la plus haute qualit\u00e9. Vous n&#8217;avez pas besoin de penser au montant de la facture de traitement. Alors que nous pensons \u00e0 la sant\u00e9 de votre c\u0153ur, nous avons d\u00e9cid\u00e9 de ne pas faire de vous une victime \u00e0 des prix abordables comme notre premier objectif. Contactez-nous sur baysalsaglik.com pour nous confier votre c\u0153ur.<\/p>\n<p>Les chirurgiens cardiovasculaires sont \u00e0 l&#8217;avant-garde des efforts de recherche visant \u00e0 am\u00e9liorer continuellement le traitement des maladies cardiovasculaires. \u00c0 ce stade, lorsque vous avez besoin de soutien pour une chirurgie cardiovasculaire, il suffit de contacter notre clinique.<\/p>\n<p>[\/vc_column_text][\/vc_column][\/vc_row]<\/p>\n<\/div>","protected":false},"excerpt":{"rendered":"<p>[vc_row][vc_column][vc_column_text woodmart_inline=&#8221;no&#8221; text_larger=&#8221;no&#8221;]La cardiologie est une branche de la m\u00e9decine qui identifie et traite les maladies cardiovasculaires. Les maladies cardiaques,<\/p>\n","protected":false},"author":2,"featured_media":0,"parent":0,"menu_order":0,"comment_status":"closed","ping_status":"closed","template":"","meta":{"footnotes":""},"class_list":["post-9748","page","type-page","status-publish","hentry"],"_links":{"self":[{"href":"https:\/\/www.baysalsaglik.com\/fr\/wp-json\/wp\/v2\/pages\/9748","targetHints":{"allow":["GET"]}}],"collection":[{"href":"https:\/\/www.baysalsaglik.com\/fr\/wp-json\/wp\/v2\/pages"}],"about":[{"href":"https:\/\/www.baysalsaglik.com\/fr\/wp-json\/wp\/v2\/types\/page"}],"author":[{"embeddable":true,"href":"https:\/\/www.baysalsaglik.com\/fr\/wp-json\/wp\/v2\/users\/2"}],"replies":[{"embeddable":true,"href":"https:\/\/www.baysalsaglik.com\/fr\/wp-json\/wp\/v2\/comments?post=9748"}],"version-history":[{"count":0,"href":"https:\/\/www.baysalsaglik.com\/fr\/wp-json\/wp\/v2\/pages\/9748\/revisions"}],"wp:attachment":[{"href":"https:\/\/www.baysalsaglik.com\/fr\/wp-json\/wp\/v2\/media?parent=9748"}],"curies":[{"name":"wp","href":"https:\/\/api.w.org\/{rel}","templated":true}]}}