{"id":9749,"date":"2022-05-26T15:22:55","date_gmt":"2022-05-26T12:22:55","guid":{"rendered":"https:\/\/www.baysalsaglik.com\/gingivectomie\/"},"modified":"2022-05-28T13:57:22","modified_gmt":"2022-05-28T10:57:22","slug":"gingivectomie","status":"publish","type":"page","link":"https:\/\/www.baysalsaglik.com\/fr\/gingivectomie\/","title":{"rendered":"Gingivectomie"},"content":{"rendered":"<div class=\"wpb-content-wrapper\"><p>[vc_row][vc_column][vc_column_text woodmart_inline=&#8221;no&#8221; text_larger=&#8221;no&#8221;]La gingivectomie est une intervention chirurgicale mineure effectu\u00e9e pour r\u00e9duire la quantit\u00e9 de gencive recouvrant les dents que nous montrons lorsque nous sourions. Cette op\u00e9ration parodontale traite \u00e9galement l&#8217;inflammation qui provoque la croissance des tissus dans les gencives. La gencive entourant la dent est coup\u00e9e. Pour que ce traitement dentaire fonctionne, le patient doit avoir une gencive correctement plac\u00e9e. La technique peut \u00e9galement \u00eatre utilis\u00e9e pour \u00e9liminer les poches parodontales suprac\u00e9es.<\/p>\n<p><strong>Quelles sont les causes de la r\u00e9cession gingivale&nbsp;? <\/strong><\/p>\n<p>Avoir une m\u00e2choire sup\u00e9rieure envahie est l&#8217;une des causes les plus fondamentales de la r\u00e9cession gingivale. La cause de l&#8217;exc\u00e8s de gencives est une croissance osseuse sup\u00e9rieure \u00e0 la normale. Le chirurgien maxillo-facial est responsable de la r\u00e9duction de cet os. La gingivectomie ne corrige que la partie esth\u00e9tique du sourire. La chirurgie orthognathique est utilis\u00e9e si une meilleure solution est souhait\u00e9e.<\/p>\n<p>Serrer constamment les dents provoque une usure, provoquant le r\u00e9tr\u00e9cissement et l&#8217;usure des dents, exposant les gencives. Les couronnes ou les facettes en porcelaine sont souvent utilis\u00e9es pour recouvrir la dent lorsqu&#8217;elle est durcie. Pour bien fermer la bouche, il faut pr\u00e9ciser que les dents sup\u00e9rieures ont tendance \u00e0 entrer en contact avec les dents inf\u00e9rieures. Les dents de la plus petite arcade sup\u00e9rieure ont tendance \u00e0 \u00e9clater, emportant avec elles les gencives.<\/p>\n<p>L&#8217;\u00e9ruption passive modifi\u00e9e est une autre cause. L&#8217;EPA, qui se produit avec la croissance naturelle des dents, emp\u00eache les gencives de r\u00e9gresser suffisamment et recouvre consid\u00e9rablement l&#8217;\u00e9mail des dents.<\/p>\n<p><strong>Avantages de la gingivectomie<\/strong><\/p>\n<p>La gingivectomie pr\u00e9sente les avantages suivants :<\/p>\n<ul>\n<li>Il devient possible d&#8217;utiliser plus de la dent.<\/li>\n<li>Vos dents appara\u00eetront plus longues, plus grandes et moins carr\u00e9es qu&#8217;avant l&#8217;intervention.<\/li>\n<li>Une am\u00e9lioration significative sera obtenue dans le sourire, il sera plus esth\u00e9tique et proportionn\u00e9.<\/li>\n<li>C&#8217;est une chirurgie indolore, pr\u00e9visible et rapide.<\/li>\n<li>Des r\u00e9sultats tr\u00e8s satisfaisants et visibles sont g\u00e9n\u00e9ralement obtenus.<\/li>\n<\/ul>\n<p><strong>Quelles sont les diff\u00e9rences entre la gingivectomie et la gingivoplastie ?<\/strong><\/p>\n<p>La gingivoplastie se concentre uniquement sur l&#8217;extr\u00e9mit\u00e9 remodel\u00e9e de la gencive pour obtenir un aspect esth\u00e9tique plus harmonieux du sourire. En revanche, la gingivectomie est d\u00e9finie comme une r\u00e9section de la gencive. Il s&#8217;agit d&#8217;une chirurgie d&#8217;excision plus compl\u00e8te que la gingivoplastie.Dans la gingivoplastie, les bords de la gencive sont polis de mani\u00e8re \u00e0 exposer la surface de la dent. De cette fa\u00e7on, si les dents semblent petites, cela aura une apparence plus grande.<\/p>\n<p>Le but de la gingivoplastie est de cr\u00e9er des contours ad\u00e9quats et d&#8217;inclure une petite quantit\u00e9 de r\u00e9cession gingivale. Gingivectomie, grandes quantit\u00e9s de r\u00e9cession gingivale.<\/p>\n<p>La gingivoplastie est indiqu\u00e9e pour les proc\u00e9dures esth\u00e9tiques. La gingivectomie est utilis\u00e9e comme support dans la zone parodontale, tout en donnant aux dents un effet plus nettoyant et en apportant de la brillance.<\/p>\n<p>Les deux techniques pr\u00e9sentent les m\u00eames inconv\u00e9nients. Les probl\u00e8mes cosm\u00e9tiques risquent de les aggraver plut\u00f4t que de les corriger. Il existe \u00e9galement un risque \u00e9lev\u00e9 d&#8217;exposition des racines si vous ne faites pas attention. Il peut y avoir une augmentation de la sensibilit\u00e9 dentaire en explorant le collet de la dent plus qu&#8217;il ne devrait l&#8217;\u00eatre.<\/p>\n<p><strong>Que faut-il consid\u00e9rer apr\u00e8s une gingivectomie&nbsp;?<\/strong><\/p>\n<p>La r\u00e9cup\u00e9ration de cette chirurgie peut prendre entre un mois et six semaines. Apr\u00e8s environ six mois, les gencives auront l&#8217;air normales. Il est important de maintenir une bonne hygi\u00e8ne buccale en utilisant une brosse \u00e0 dents \u00e0 poils souples ainsi que du fil dentaire. Tr\u00e8s probablement, le dentiste vous prescrira un certain type de rince-bouche pour faciliter la gu\u00e9rison afin de minimiser le risque d&#8217;infection.<\/p>\n<p>L&#8217;application de compresses froides sur la zone op\u00e9r\u00e9e pendant environ cinq minutes toutes les demi-heures fonctionnera le premier jour.<\/p>\n<p>Manger des aliments qui sont g\u00e9n\u00e9ralement \u00e0 temp\u00e9rature ambiante ou froids pendant les 2 premiers jours aide \u00e0 r\u00e9duire l&#8217;inflammation plus rapidement, \u00e9vitant ainsi les saignements qui peuvent survenir apr\u00e8s la proc\u00e9dure. Vous devriez manger un r\u00e9gime fade sans aliments acides. \u00c9vitez de vous exposer \u00e0 des temp\u00e9ratures \u00e9lev\u00e9es. Le tabac et l&#8217;alcool ne doivent pas \u00eatre consomm\u00e9s.[\/vc_column_text][\/vc_column][\/vc_row]<\/p>\n<\/div>","protected":false},"excerpt":{"rendered":"<p>[vc_row][vc_column][vc_column_text woodmart_inline=&#8221;no&#8221; text_larger=&#8221;no&#8221;]La gingivectomie est une intervention chirurgicale mineure effectu\u00e9e pour r\u00e9duire la quantit\u00e9 de gencive recouvrant les dents que<\/p>\n","protected":false},"author":2,"featured_media":0,"parent":0,"menu_order":0,"comment_status":"closed","ping_status":"closed","template":"","meta":{"footnotes":""},"class_list":["post-9749","page","type-page","status-publish","hentry"],"_links":{"self":[{"href":"https:\/\/www.baysalsaglik.com\/fr\/wp-json\/wp\/v2\/pages\/9749","targetHints":{"allow":["GET"]}}],"collection":[{"href":"https:\/\/www.baysalsaglik.com\/fr\/wp-json\/wp\/v2\/pages"}],"about":[{"href":"https:\/\/www.baysalsaglik.com\/fr\/wp-json\/wp\/v2\/types\/page"}],"author":[{"embeddable":true,"href":"https:\/\/www.baysalsaglik.com\/fr\/wp-json\/wp\/v2\/users\/2"}],"replies":[{"embeddable":true,"href":"https:\/\/www.baysalsaglik.com\/fr\/wp-json\/wp\/v2\/comments?post=9749"}],"version-history":[{"count":0,"href":"https:\/\/www.baysalsaglik.com\/fr\/wp-json\/wp\/v2\/pages\/9749\/revisions"}],"wp:attachment":[{"href":"https:\/\/www.baysalsaglik.com\/fr\/wp-json\/wp\/v2\/media?parent=9749"}],"curies":[{"name":"wp","href":"https:\/\/api.w.org\/{rel}","templated":true}]}}