{"id":9758,"date":"2022-05-26T16:32:36","date_gmt":"2022-05-26T13:32:36","guid":{"rendered":"https:\/\/www.baysalsaglik.com\/hematologie-et-oncologie-pediatrique\/"},"modified":"2022-05-26T21:22:48","modified_gmt":"2022-05-26T18:22:48","slug":"hematologie-et-oncologie-pediatrique","status":"publish","type":"page","link":"https:\/\/www.baysalsaglik.com\/fr\/hematologie-et-oncologie-pediatrique\/","title":{"rendered":"H\u00e9matologie et oncologie p\u00e9diatrique"},"content":{"rendered":"<div class=\"wpb-content-wrapper\"><p>[vc_row][vc_column][vc_column_text woodmart_inline=&#8221;no&#8221; text_larger=&#8221;no&#8221;]L&#8217;h\u00e9matologie et l&#8217;oncologie p\u00e9diatriques couvrent les processus de diagnostic et de d\u00e9veloppement de traitements pour les probl\u00e8mes sanguins et li\u00e9s au cancer des patients p\u00e9diatriques. Le principal domaine d&#8217;int\u00e9r\u00eat dans ce domaine, qui est une science multidisciplinaire, est les maladies du sang infantiles et le cancer. En plus de ces maladies, l&#8217;an\u00e9mie, la maladie des globules blancs, les probl\u00e8mes de coagulation, la leuc\u00e9mie, le lymphome et les tumeurs solides sont \u00e9galement examin\u00e9s dans le cadre de l&#8217;h\u00e9matologie et de l&#8217;oncologie p\u00e9diatriques.<\/p>\n<h2><strong>Maladies trait\u00e9es en h\u00e9matologie et oncologie p\u00e9diatriques<\/strong><\/h2>\n<p>Dans le cadre d&#8217;\u00e9tudes dans le domaine de l&#8217;h\u00e9matologie et de l&#8217;oncologie p\u00e9diatriques, des processus de diagnostic et de traitement sont effectu\u00e9s pour les maladies suivantes.<\/p>\n<h3><strong>An\u00e9mie<\/strong><\/h3>\n<p>L&#8217;an\u00e9mie est une maladie qui survient lorsqu&#8217;une perte de sang et une production insuffisante de globules rouges se produisent. G\u00e9n\u00e9ralement, les enfants souffrant d&#8217;une carence en vitamine B12, en acide folique et en fer d\u00e9veloppent une an\u00e9mie. Il est possible que l&#8217;an\u00e9mie, qui est une affection courante chez les enfants, r\u00e9sulte d&#8217;une malnutrition \u00e0 un \u00e2ge pr\u00e9coce. Pour cette raison, les enfants doivent \u00eatre nourris ad\u00e9quatement pendant leur p\u00e9riode de croissance.<\/p>\n<p>La fatigue, la faiblesse et la p\u00e2leur sont parmi les principaux sympt\u00f4mes de cette maladie. Perte d&#8217;app\u00e9tit, difficult\u00e9 \u00e0 avaler et retard de d\u00e9veloppement sont \u00e9galement des sympt\u00f4mes qui peuvent \u00eatre observ\u00e9s en cas de probl\u00e8me d&#8217;an\u00e9mie. Le processus de diagnostic et de traitement commence par les tests n\u00e9cessaires pour l&#8217;an\u00e9mie. Le diagnostic d&#8217;an\u00e9mie peut d\u00e9couler d&#8217;ant\u00e9c\u00e9dents familiaux ou de l&#8217;alimentation de l&#8217;enfant.<\/p>\n<h3><strong>H\u00e9mophilie<\/strong><\/h3>\n<p>L&#8217;h\u00e9mophilie, qui fait partie des maladies du sang, est l&#8217;une des anomalies observ\u00e9es dans la coagulation. Bien qu&#8217;il existe un certain niveau de coagulation du sang chez les personnes en bonne sant\u00e9, les saignements prennent plus de temps chez les patients atteints d&#8217;h\u00e9mophilie. La principale raison en est le niveau insuffisant de coagulation. L&#8217;h\u00e9mophilie, connue comme une maladie h\u00e9r\u00e9ditaire&nbsp;; observ\u00e9e d\u00e8s la naissance des enfants. Le diagnostic et le traitement de l&#8217;h\u00e9mophilie, dont les sympt\u00f4mes sont un flux sanguin excessif, ont un effet positif.<\/p>\n<h3><strong>Leuc\u00e9mie<\/strong><\/h3>\n<p>La leuc\u00e9mie est consid\u00e9r\u00e9e comme l&#8217;une des maladies du sang les plus graves. On le voit avec la propagation des cellules vers d&#8217;autres organes \u00e0 la suite d&#8217;une prolif\u00e9ration incontr\u00f4l\u00e9e ou d&#8217;une perte de fonctionnalit\u00e9 des cellules souches dans la moelle osseuse. Les causes de cette maladie, qui s&#8217;observe dans la tranche d&#8217;\u00e2ge de 2 \u00e0 5 ans, ne sont pas connues avec pr\u00e9cision. Des \u00e9tudes ont montr\u00e9 que les radiations, les pr\u00e9dispositions g\u00e9n\u00e9tiques, les produits chimiques et les maladies virales peuvent provoquer la leuc\u00e9mie.<\/p>\n<p>Les sympt\u00f4mes de la leuc\u00e9mie chez les enfants comprennent l&#8217;an\u00e9mie, la perte d&#8217;app\u00e9tit, des douleurs osseuses dans les jambes et des saignements des gencives. Une approche professionnelle est n\u00e9cessaire en ce qui concerne le diagnostic, le traitement et les autres processus de cette maladie. Bien que la maladie soit compl\u00e8tement gu\u00e9rie, des cons\u00e9quences n\u00e9gatives peuvent \u00e9galement \u00eatre rencontr\u00e9es.<\/p>\n<h3><strong>An\u00e9mie m\u00e9diterran\u00e9enne \u2013 Thalass\u00e9mie<\/strong><\/h3>\n<p>L&#8217;an\u00e9mie m\u00e9diterran\u00e9enne est une maladie du sang qui survient surtout dans les pays m\u00e9diterran\u00e9ens. Consid\u00e9rant que la Turquie est un pays m\u00e9diterran\u00e9en, environ 4 500 personnes souffrent d&#8217;an\u00e9mie m\u00e9diterran\u00e9enne. Le nombre de personnes porteuses est d&#8217;environ 1,5 million. L&#8217;an\u00e9mie m\u00e9diterran\u00e9enne, une maladie qui peut \u00eatre r\u00e9solue si des pr\u00e9cautions sont prises, est une maladie h\u00e9r\u00e9ditaire. En cas de mariage de deux porteurs, il est transmis aux enfants.<\/p>\n<p>L&#8217;an\u00e9mie m\u00e9diterran\u00e9enne peut entra\u00eener un retard de d\u00e9veloppement s\u00e9v\u00e8re. De plus, la fragilit\u00e9 des os, les maladies cardiovasculaires sont \u00e9galement fr\u00e9quemment observ\u00e9es. L&#8217;urine fonc\u00e9e, la jaunisse et la perte d&#8217;app\u00e9tit sont les sympt\u00f4mes les plus graves de cette maladie.<\/p>\n<h2><strong>Traitements d&#8217;h\u00e9matologie et d&#8217;oncologie p\u00e9diatriques<\/strong><\/h2>\n<p>Baysal Health offre des possibilit\u00e9s de traitement en utilisant la technologie pour les maladies du sang chez les enfants. Il vise \u00e0 obtenir les meilleurs r\u00e9sultats avec les applications pr\u00e9sent\u00e9es dans le cadre de la science m\u00e9dicale afin de gu\u00e9rir et de retrouver la sant\u00e9 du patient. Les autres traitements propos\u00e9s dans ce cadre sont les suivants&nbsp;;<\/p>\n<ul>\n<li>an\u00e9mies<\/li>\n<li>Thrombocytop\u00e9nies<\/li>\n<li>Troubles h\u00e9morragiques et de la coagulation<\/li>\n<li>Neutrop\u00e9nies\/Leucop\u00e9nies<\/li>\n<li>Leuc\u00e9mie\/lymphome<\/li>\n<li>tumeurs c\u00e9r\u00e9brales<\/li>\n<li>Tumeurs solides<\/li>\n<li>H\u00e9mangiome et malformations vasculaires<\/li>\n<li>D\u00e9ficiences de la moelle osseuse<\/li>\n<li>lymphad\u00e9nopathies<\/li>\n<li>Spl\u00e9nom\u00e9galie<\/li>\n<\/ul>\n<p>Contactez Baysal Health pour des informations plus d\u00e9taill\u00e9es sur les maladies du sang ![\/vc_column_text][\/vc_column][\/vc_row]<\/p>\n<\/div>","protected":false},"excerpt":{"rendered":"<p>[vc_row][vc_column][vc_column_text woodmart_inline=&#8221;no&#8221; text_larger=&#8221;no&#8221;]L&#8217;h\u00e9matologie et l&#8217;oncologie p\u00e9diatriques couvrent les processus de diagnostic et de d\u00e9veloppement de traitements pour les probl\u00e8mes sanguins<\/p>\n","protected":false},"author":2,"featured_media":0,"parent":0,"menu_order":0,"comment_status":"closed","ping_status":"closed","template":"","meta":{"footnotes":""},"class_list":["post-9758","page","type-page","status-publish","hentry"],"_links":{"self":[{"href":"https:\/\/www.baysalsaglik.com\/fr\/wp-json\/wp\/v2\/pages\/9758","targetHints":{"allow":["GET"]}}],"collection":[{"href":"https:\/\/www.baysalsaglik.com\/fr\/wp-json\/wp\/v2\/pages"}],"about":[{"href":"https:\/\/www.baysalsaglik.com\/fr\/wp-json\/wp\/v2\/types\/page"}],"author":[{"embeddable":true,"href":"https:\/\/www.baysalsaglik.com\/fr\/wp-json\/wp\/v2\/users\/2"}],"replies":[{"embeddable":true,"href":"https:\/\/www.baysalsaglik.com\/fr\/wp-json\/wp\/v2\/comments?post=9758"}],"version-history":[{"count":0,"href":"https:\/\/www.baysalsaglik.com\/fr\/wp-json\/wp\/v2\/pages\/9758\/revisions"}],"wp:attachment":[{"href":"https:\/\/www.baysalsaglik.com\/fr\/wp-json\/wp\/v2\/media?parent=9758"}],"curies":[{"name":"wp","href":"https:\/\/api.w.org\/{rel}","templated":true}]}}