{"id":9760,"date":"2022-05-26T15:26:14","date_gmt":"2022-05-26T12:26:14","guid":{"rendered":"https:\/\/www.baysalsaglik.com\/parodontologie\/"},"modified":"2022-05-28T13:57:33","modified_gmt":"2022-05-28T10:57:33","slug":"parodontologie","status":"publish","type":"page","link":"https:\/\/www.baysalsaglik.com\/fr\/parodontologie\/","title":{"rendered":"Parodontologie"},"content":{"rendered":"<div class=\"wpb-content-wrapper\"><p>[vc_row][vc_column][vc_column_text woodmart_inline=&#8221;no&#8221; text_larger=&#8221;no&#8221;]Le traitement parodontologique ou traitement gingival est une m\u00e9thode de traitement qui \u00e9limine les irritants et les bact\u00e9ries susceptibles de provoquer une inflammation de la gencive.<\/p>\n<p>Au d\u00e9but du traitement gingival, le nettoyage des dents des patients, l&#8217;\u00e9limination de la plaque dentaire et une gencive lisse sont fournis. Cependant, dans les cas avanc\u00e9s, une intervention chirurgicale est n\u00e9cessaire pour apporter des corrections \u00e0 la gencive.<\/p>\n<p>Le but principal du traitement parodontologique est de nettoyer les pierres dans les poches profondes entourant les dents, d&#8217;\u00e9liminer les poches en les aplatissant et de former une racine dentaire lisse.<\/p>\n<p><strong>Que sont les maladies parodontales ?<\/strong><\/p>\n<p>On sait que la majorit\u00e9 des pertes de dents chez les adultes sont dues \u00e0 des maladies des gencives.<\/p>\n<p>Nous prot\u00e9geons vos dents avec nos pratiques irr\u00e9prochables afin de prendre soin cliniquement de vos dents de mani\u00e8re plus saine. On sait que les probl\u00e8mes gingivaux, dont les sympt\u00f4mes sont assez diff\u00e9rents, apparaissent avec les sympt\u00f4mes suivants en g\u00e9n\u00e9ral.<\/p>\n<ul>\n<li>Saignement en se brossant les dents<\/li>\n<li>Gonflement, rougeur et gonflement des gencives,<\/li>\n<li>S\u00e9paration entre les dents et les gencives,<\/li>\n<li>Secouer ou \u00e9loigner les dents l&#8217;une de l&#8217;autre,<\/li>\n<li>Sensation de douleur en mordant,<\/li>\n<li>Mauvaise odeur dans la bouche.<\/li>\n<\/ul>\n<p>Toutes ces conditions sont li\u00e9es \u00e0 une inflammation li\u00e9e aux gencives. Par cons\u00e9quent, si vous rencontrez l&#8217;un de ces sympt\u00f4mes, vous devez absolument rechercher une assistance professionnelle.<\/p>\n<p><strong>Conditions comportant un risque dans l&#8217;exp\u00e9rience des maladies parodontales<\/strong><\/p>\n<p>Il convient de pr\u00e9ciser que diff\u00e9rentes conditions constituent des facteurs de risque pour l&#8217;apparition de maladies parodontales. Dans ce cas, on peut affirmer que la maladie atteindra des dimensions plus graves. Les facteurs de risque parodontaux pouvant causer des probl\u00e8mes tels que la perte de dents et la r\u00e9cession gingivale sont les suivants.<\/p>\n<ul>\n<li>S\u00e9nile<\/li>\n<li>Fumer<\/li>\n<li>facteurs g\u00e9n\u00e9tiques<\/li>\n<li>Stress<\/li>\n<li>Diab\u00e8te \u2013 Diab\u00e8te<\/li>\n<\/ul>\n<p><strong>Comment se d\u00e9roule l&#8217;op\u00e9ration de traitement parodontologique&nbsp;? <\/strong><\/p>\n<p>Avant le traitement parodontologique, le m\u00e9decin et le patient se rencontrent par l&#8217;interm\u00e9diaire d&#8217;un interpr\u00e8te. A l&#8217;\u00e9coute des souhaits et des attentes du patient, le m\u00e9decin pr\u00e9pare un plan d&#8217;intervention.<\/p>\n<p>S&#8217;il y a une infection des gencives avant le d\u00e9but du traitement parodontologique, cette infection doit \u00eatre \u00e9limin\u00e9e. Ceci est possible en nettoyant le calcul et la racine \u00e0 laquelle le calcul est attach\u00e9. Ce processus est appel\u00e9 th\u00e9rapie initiale. Lors du traitement initial, il existe des proc\u00e9dures telles que le traitement des caries, le renouvellement des obturations et la correction des proth\u00e8ses.<\/p>\n<p>Dans la deuxi\u00e8me \u00e9tape du traitement parodontologique, une m\u00e9thode de traitement gingivale pr\u00e9f\u00e9r\u00e9e par le m\u00e9decin est appliqu\u00e9e en fonction de l&#8217;\u00e9tat gingival du patient. Ces m\u00e9thodes sont la gingivectomie, l&#8217;op\u00e9ration du lambeau et la chirurgie mucogingivale. Apr\u00e8s ces types d&#8217;interventions chirurgicales, les contr\u00f4les r\u00e9guliers du patient sont fournis.<\/p>\n<p><strong>Processus de r\u00e9cup\u00e9ration apr\u00e8s une op\u00e9ration de traitement parodontologique<\/strong><\/p>\n<p>\u00c9tant donn\u00e9 que le traitement est effectu\u00e9 en appliquant une anesth\u00e9sie locale, il n&#8217;y a pas de sensation de douleur pendant le traitement. Cependant, apr\u00e8s le traitement, la douleur surviendra \u00e0 mesure que l&#8217;effet de l&#8217;anesth\u00e9sie locale se dissipera. Vous devez absolument utiliser les m\u00e9dicaments recommand\u00e9s par votre m\u00e9decin pour ces douleurs. Bien que le processus de gu\u00e9rison des gencives varie d&#8217;une personne \u00e0 l&#8217;autre, les gencives reviennent g\u00e9n\u00e9ralement \u00e0 la normale dans les 10 \u00e0 15 jours.<\/p>\n<p><strong>Que faut-il consid\u00e9rer apr\u00e8s l&#8217;op\u00e9ration de traitement parodontologique&nbsp;?<\/strong><\/p>\n<p><strong>Consommation de liquide<\/strong><\/p>\n<p>Apr\u00e8s les op\u00e9rations de traitement parodontologique, le liquide ne doit pas \u00eatre consomm\u00e9 pendant au moins 3-4 heures.<\/p>\n<p><strong>L&#8217;usage de drogues<\/strong><\/p>\n<p>Apr\u00e8s un traitement parodontologique, des douleurs peuvent survenir au niveau des dents et des gencives. Vous pouvez utiliser des analg\u00e9siques pour soulager votre douleur.<\/p>\n<p><strong>Consommation de nourriture<\/strong><\/p>\n<p>Apr\u00e8s le traitement parodontologique, aucun aliment ne doit \u00eatre consomm\u00e9 pendant au moins 3-4 heures. Apr\u00e8s 3-4 heures, vous devez faire attention \u00e0 ne pas trop vous fatiguer les dents et les gencives dans les repas \u00e0 manger.<\/p>\n<p><strong>hygi\u00e8ne<\/strong><\/p>\n<p>Apr\u00e8s l&#8217;op\u00e9ration de traitement parodontologique, vous devez faire attention \u00e0 l&#8217;hygi\u00e8ne bucco-dentaire pour pr\u00e9venir l&#8217;inflammation qui peut survenir au niveau des dents et des gencives et pour assurer la continuit\u00e9 du traitement.<\/p>\n<p><strong>Questions fr\u00e9quemment pos\u00e9es<\/strong><\/p>\n<p>Comment savoir s&#8217;il y a un probl\u00e8me avec mes gencives ?<\/p>\n<p>Des sympt\u00f4mes tels que saignement des gencives en se brossant les dents ou en mangeant, d\u00e9chaussement des dents, r\u00e9cession gingivale sont les signes avant-coureurs de probl\u00e8mes de gencives.<\/p>\n<p>Le traitement parodontologique est-il une m\u00e9thode permanente ?<\/p>\n<p>Si les gencives et l&#8217;hygi\u00e8ne dentaire ne sont pas prises en charge, les m\u00eames probl\u00e8mes se retrouvent \u00e0 nouveau. Dans ce sens, vous devez faire attention aux habitudes de nettoyage recommand\u00e9es par votre m\u00e9decin.<\/p>\n<p>Le traitement parodontologique est-il un processus douloureux ?<\/p>\n<p>Vous ressentirez des douleurs aux dents et aux gencives pendant environ 1 semaine \u00e0 10 jours. Cependant, il s&#8217;agit d&#8217;une situation temporaire.<\/p>\n<p>Y a-t-il des effets secondaires du traitement parodontologique ?<\/p>\n<p>Non. Le traitement parodontologique n&#8217;a pas d&#8217;effets secondaires.[\/vc_column_text][\/vc_column][\/vc_row]<\/p>\n<\/div>","protected":false},"excerpt":{"rendered":"<p>[vc_row][vc_column][vc_column_text woodmart_inline=&#8221;no&#8221; text_larger=&#8221;no&#8221;]Le traitement parodontologique ou traitement gingival est une m\u00e9thode de traitement qui \u00e9limine les irritants et les bact\u00e9ries<\/p>\n","protected":false},"author":2,"featured_media":0,"parent":0,"menu_order":0,"comment_status":"closed","ping_status":"closed","template":"","meta":{"footnotes":""},"class_list":["post-9760","page","type-page","status-publish","hentry"],"_links":{"self":[{"href":"https:\/\/www.baysalsaglik.com\/fr\/wp-json\/wp\/v2\/pages\/9760","targetHints":{"allow":["GET"]}}],"collection":[{"href":"https:\/\/www.baysalsaglik.com\/fr\/wp-json\/wp\/v2\/pages"}],"about":[{"href":"https:\/\/www.baysalsaglik.com\/fr\/wp-json\/wp\/v2\/types\/page"}],"author":[{"embeddable":true,"href":"https:\/\/www.baysalsaglik.com\/fr\/wp-json\/wp\/v2\/users\/2"}],"replies":[{"embeddable":true,"href":"https:\/\/www.baysalsaglik.com\/fr\/wp-json\/wp\/v2\/comments?post=9760"}],"version-history":[{"count":0,"href":"https:\/\/www.baysalsaglik.com\/fr\/wp-json\/wp\/v2\/pages\/9760\/revisions"}],"wp:attachment":[{"href":"https:\/\/www.baysalsaglik.com\/fr\/wp-json\/wp\/v2\/media?parent=9760"}],"curies":[{"name":"wp","href":"https:\/\/api.w.org\/{rel}","templated":true}]}}